{"id":98,"date":"2023-04-17T15:49:13","date_gmt":"2023-04-17T15:49:13","guid":{"rendered":"https:\/\/mightyshepherdministries.org\/es\/?page_id=98"},"modified":"2023-05-30T18:59:10","modified_gmt":"2023-05-30T18:59:10","slug":"en-que-creemos","status":"publish","type":"page","link":"https:\/\/mightyshepherdministries.org\/es\/en-que-creemos\/","title":{"rendered":"En qu\u00e9 creemos"},"content":{"rendered":"\n<p>Creemos que Dios cre\u00f3 todo desde el principio.<\/p>\n\n\n\n<p>Creemos que Dios es esp\u00edritu y que el Padre, el Hijo y el Esp\u00edritu Santo crearon al hombre a su imagen.<\/p>\n\n\n\n<p>Creemos que debido a la desobediencia de Ad\u00e1n al mandato de Dios de \u201cno comer del \u00e1rbol del conocimiento del bien y del mal\u201d, el esp\u00edritu de Ad\u00e1n muri\u00f3 y se separ\u00f3 de la comuni\u00f3n con Dios.<\/p>\n\n\n\n<p>Creemos que Dios prometi\u00f3 enviar un Libertador a trav\u00e9s de la mujer que destruir\u00eda las obras del diablo que indujeron a Ad\u00e1n a desobedecer el mandato de Dios.<\/p>\n\n\n\n<p>Creemos que el Libertador fue Jes\u00fas, nacido de una virgen llamada Mar\u00eda.<\/p>\n\n\n\n<p>Creemos que Jes\u00fas vivi\u00f3 una vida sin pecado y se convirti\u00f3 en un sacrificio por todos los pecados de todos los tiempos. \u00c9l coloc\u00f3 Su sangre en el altar celestial para expiar el pecado y esa sangre est\u00e1 viva y todav\u00eda est\u00e1 all\u00ed por todos los siglos.<\/p>\n\n\n\n<p>Creemos que Jes\u00fas muri\u00f3 en una cruz, descendi\u00f3 a los infiernos y despu\u00e9s de tres d\u00edas resucit\u00f3 y ahora est\u00e1 sentado a la diestra del Padre en Su lugar de autoridad.<\/p>\n\n\n\n<p>Creemos que Jes\u00fas dijo que debemos \u201cnacer de nuevo\u201d por el esp\u00edritu para entrar en el reino de Dios y tener vida eterna.<\/p>\n\n\n\n<p>Creemos que, si \u201ccreemos en el Se\u00f1or Jes\u00fas\u201d, podemos recibir el Esp\u00edritu Santo que dar\u00e1 vida eterna a nuestro esp\u00edritu.<\/p>\n\n\n\n<p>Creemos que Jes\u00fas les dijo a los disc\u00edpulos que esperaran en Jerusal\u00e9n hasta que fueran investidos con el poder del Esp\u00edritu Santo para ser testigos de \u00c9l en todo el mundo.<\/p>\n\n\n\n<p>Creemos que nuestro destino es estar en comuni\u00f3n con el Padre, el Hijo y el Esp\u00edritu Santo.<\/p>\n\n\n\n<p>Creemos que nuestro mandato de parte de Jes\u00fas es ir por todo el mundo y hacer disc\u00edpulos de \u00c9l y Su palabra.<\/p>\n\n\n\n<p>\u00a1Jes\u00fas es el camino, la verdad y la vida y nadie viene al Padre sino por \u00c9l! \u00a1Creemos que Dios le ha dado a Mighty Shepherd Ministries la responsabilidad de compartir el mensaje del Evangelio en muchas naciones para animar y hacer disc\u00edpulos para Su gloria!<\/p>\n","protected":false},"excerpt":{"rendered":"<p>\nCreemos que Dios cre\u00f3 todo desde el principio.<\/p>\n<p>Creemos que Dios es esp\u00edritu y que el Padre, el Hijo y el Esp\u00edritu Santo crearon al hombre a su imagen.<\/p>\n<p>Creemos que debido a la desobediencia de Ad\u00e1n al mandato de Dios de \u201cno comer del \u00e1rbol del conocimiento <\/p>\n","protected":false},"author":1,"featured_media":482,"parent":0,"menu_order":0,"comment_status":"closed","ping_status":"closed","template":"","meta":{"footnotes":""},"class_list":["post-98","page","type-page","status-publish","has-post-thumbnail","hentry"],"_links":{"self":[{"href":"https:\/\/mightyshepherdministries.org\/es\/wp-json\/wp\/v2\/pages\/98","targetHints":{"allow":["GET"]}}],"collection":[{"href":"https:\/\/mightyshepherdministries.org\/es\/wp-json\/wp\/v2\/pages"}],"about":[{"href":"https:\/\/mightyshepherdministries.org\/es\/wp-json\/wp\/v2\/types\/page"}],"author":[{"embeddable":true,"href":"https:\/\/mightyshepherdministries.org\/es\/wp-json\/wp\/v2\/users\/1"}],"replies":[{"embeddable":true,"href":"https:\/\/mightyshepherdministries.org\/es\/wp-json\/wp\/v2\/comments?post=98"}],"version-history":[{"count":3,"href":"https:\/\/mightyshepherdministries.org\/es\/wp-json\/wp\/v2\/pages\/98\/revisions"}],"predecessor-version":[{"id":481,"href":"https:\/\/mightyshepherdministries.org\/es\/wp-json\/wp\/v2\/pages\/98\/revisions\/481"}],"wp:featuredmedia":[{"embeddable":true,"href":"https:\/\/mightyshepherdministries.org\/es\/wp-json\/wp\/v2\/media\/482"}],"wp:attachment":[{"href":"https:\/\/mightyshepherdministries.org\/es\/wp-json\/wp\/v2\/media?parent=98"}],"curies":[{"name":"wp","href":"https:\/\/api.w.org\/{rel}","templated":true}]}}