{"id":95,"date":"2023-04-17T15:19:18","date_gmt":"2023-04-17T15:19:18","guid":{"rendered":"https:\/\/mightyshepherdministries.org\/es\/?page_id=95"},"modified":"2023-05-30T20:02:59","modified_gmt":"2023-05-30T20:02:59","slug":"aviso-de-derechos-de-autor","status":"publish","type":"page","link":"https:\/\/mightyshepherdministries.org\/es\/aviso-de-derechos-de-autor\/","title":{"rendered":"Aviso de Derechos de Autor"},"content":{"rendered":"\n<p>Los derechos de autor de este sitio web y el material de este sitio web (incluidos, entre otros, el texto, el c\u00f3digo de computadora, las ilustraciones, las fotograf\u00edas, las im\u00e1genes, la m\u00fasica, el material de video y el material audiovisual de este sitio web) son propiedad de Mighty Shepherd Ministries.<\/p>\n\n\n\n<p><strong>Logos y marcas de terceros<\/strong><\/p>\n\n\n\n<p>Todos los nombres de productos, logotipos y marcas que no pertenecen a Mighty Shepherd Ministries son propiedad de sus respectivos due\u00f1os. Todos los nombres de empresas, productos y servicios utilizados en este sitio web tienen \u00fanicamente fines de identificaci\u00f3n. El uso de estos nombres, logotipos y marcas no implica aprobaci\u00f3n.<\/p>\n\n\n\n<p><strong>Licencia de derechos de autor<\/strong><\/p>\n\n\n\n<p>Mighty Shepherd Ministries le otorga una licencia mundial, no exclusiva, libre de regal\u00edas y revocable para:<\/p>\n\n\n\n<p>1. Ver este sitio web y el material de este sitio web en una computadora o dispositivo m\u00f3vil a trav\u00e9s de un navegador web;<\/p>\n\n\n\n<p>2. Copiar y almacenar este sitio web y el material de este sitio web en la memoria cach\u00e9 de su navegador web; y<\/p>\n\n\n\n<p>3. Imprima p\u00e1ginas de este sitio web para su propio uso [personal y no comercial].<\/p>\n\n\n\n<p>Mighty Shepherd Ministries no le otorga ning\u00fan otro derecho en relaci\u00f3n con este sitio web o el material en este sitio web. En otras palabras, todos los otros derechos est\u00e1n reservados.<\/p>\n\n\n\n<p>Para evitar dudas, no debe adaptar, editar, cambiar, transformar, publicar, volver a publicar, distribuir, redistribuir, transmitir, retransmitir o exhibir o reproducir p\u00fablicamente este sitio web o el material de este sitio web (en cualquier forma o medio) sin Mighty Shepherd Ministries permiso previo por escrito.<\/p>\n\n\n\n<p><strong>Permisos<\/strong><\/p>\n\n\n\n<p>Puede solicitar permiso para usar materiales con derechos de autor en este sitio web escribiendo a info@mightyshepherdminitries.org<\/p>\n\n\n\n<p><strong>Cumplimiento de derechos de autor<\/strong><\/p>\n\n\n\n<p>Mighty Shepherd Ministries toma muy en serio la protecci\u00f3n de sus derechos de autor.<\/p>\n\n\n\n<p>Si Mighty Shepherd Ministries descubre que ha utilizado sus materiales protegidos por derechos de autor en violaci\u00f3n de la licencia anterior, Mighty Shepherd Ministries puede emprender acciones legales contra usted en busca de da\u00f1os monetarios y una orden judicial para dejar de usar esos materiales. Tambi\u00e9n se le puede ordenar que pague los costos legales.<\/p>\n\n\n\n<p>Si se da cuenta de cualquier uso de materiales de derechos de autor de Mighty Shepherd Ministries que viole o pueda violar la licencia anterior, informe por correo electr\u00f3nico a info@mightyshepherdminitries.org<\/p>\n\n\n\n<p><strong>Material infractor<\/strong><\/p>\n\n\n\n<p>Si se entera de alg\u00fan material en el sitio web que cree que infringe sus derechos de autor o los de otra persona, inf\u00f3rmelo enviando un correo electr\u00f3nico a info@mightyshepherdminitries.org<\/p>\n","protected":false},"excerpt":{"rendered":"<p>\nLos derechos de autor de este sitio web y el material de este sitio web (incluidos, entre otros, el texto, el c\u00f3digo de computadora, las ilustraciones, las fotograf\u00edas, las im\u00e1genes, la m\u00fasica, el material de video y el material audiovisual de este sitio web) son propiedad de Mighty Shepherd Ministries.<\/p>\n<p>Logos <\/p>\n","protected":false},"author":1,"featured_media":0,"parent":0,"menu_order":0,"comment_status":"closed","ping_status":"closed","template":"","meta":{"footnotes":""},"class_list":["post-95","page","type-page","status-publish","hentry"],"_links":{"self":[{"href":"https:\/\/mightyshepherdministries.org\/es\/wp-json\/wp\/v2\/pages\/95","targetHints":{"allow":["GET"]}}],"collection":[{"href":"https:\/\/mightyshepherdministries.org\/es\/wp-json\/wp\/v2\/pages"}],"about":[{"href":"https:\/\/mightyshepherdministries.org\/es\/wp-json\/wp\/v2\/types\/page"}],"author":[{"embeddable":true,"href":"https:\/\/mightyshepherdministries.org\/es\/wp-json\/wp\/v2\/users\/1"}],"replies":[{"embeddable":true,"href":"https:\/\/mightyshepherdministries.org\/es\/wp-json\/wp\/v2\/comments?post=95"}],"version-history":[{"count":3,"href":"https:\/\/mightyshepherdministries.org\/es\/wp-json\/wp\/v2\/pages\/95\/revisions"}],"predecessor-version":[{"id":507,"href":"https:\/\/mightyshepherdministries.org\/es\/wp-json\/wp\/v2\/pages\/95\/revisions\/507"}],"wp:attachment":[{"href":"https:\/\/mightyshepherdministries.org\/es\/wp-json\/wp\/v2\/media?parent=95"}],"curies":[{"name":"wp","href":"https:\/\/api.w.org\/{rel}","templated":true}]}}