{"id":93,"date":"2023-04-17T15:16:34","date_gmt":"2023-04-17T15:16:34","guid":{"rendered":"https:\/\/mightyshepherdministries.org\/es\/?page_id=93"},"modified":"2023-05-30T19:57:05","modified_gmt":"2023-05-30T19:57:05","slug":"condiciones-de-uso","status":"publish","type":"page","link":"https:\/\/mightyshepherdministries.org\/es\/condiciones-de-uso\/","title":{"rendered":"Condiciones de uso"},"content":{"rendered":"\n<p><strong><strong>Condiciones de uso<\/strong><\/strong><\/p>\n\n\n\n<p>Usted acepta los t\u00e9rminos y condiciones descritos en este Acuerdo de t\u00e9rminos y condiciones de uso (&#8220;Acuerdo&#8221;) con respecto al sitio web de Mighty Shepherd Ministries (el &#8220;Sitio&#8221;). Este Acuerdo constituye el acuerdo completo y \u00fanico entre usted y nosotros, y reemplaza todos los acuerdos, representaciones, garant\u00edas y entendimientos anteriores o contempor\u00e1neos con respecto al Sitio, el contenido, los productos o servicios proporcionados por o a trav\u00e9s del Sitio, y el tema de este acuerdo. Este Acuerdo puede ser modificado por nosotros en cualquier momento y de vez en cuando sin previo aviso espec\u00edfico.<\/p>\n\n\n\n<p><strong>Derechos de autor<\/strong><\/p>\n\n\n\n<p>El contenido, la organizaci\u00f3n, los gr\u00e1ficos, el dise\u00f1o, la compilaci\u00f3n, la traducci\u00f3n magn\u00e9tica, la conversi\u00f3n digital y otros asuntos relacionados con el Sitio est\u00e1n protegidos por derechos de autor, marcas comerciales, marcas comerciales registradas y otros derechos de propiedad (que incluyen, entre otros, la propiedad intelectual). La copia, redistribuci\u00f3n, uso o publicaci\u00f3n por su parte de tales asuntos o cualquier parte del Sitio, excepto para el uso exclusivo de la predicaci\u00f3n de la Palabra de Dios o el desarrollo espiritual adicional, est\u00e1 estrictamente prohibido. Debe citar Ministerios Mighty Shepherd o Pastor Jim Thompson. Usted no adquiere derechos de propiedad sobre ning\u00fan contenido, documento u otros materiales vistos a trav\u00e9s del Sitio. La publicaci\u00f3n de informaci\u00f3n o materiales en el Sitio no constituye una renuncia a ning\u00fan derecho sobre dicha informaci\u00f3n y materiales.<\/p>\n\n\n\n<p><strong>Licencia para usar el sitio web<\/strong><\/p>\n\n\n\n<p>A menos que se indique lo contrario, Mighty Shepherd Ministries y\/o sus licenciantes poseen los derechos de propiedad intelectual en el sitio web y el material en el sitio web. Sujeto a la licencia a continuaci\u00f3n, todos estos derechos de propiedad intelectual est\u00e1n reservados.<\/p>\n\n\n\n<p>Puede ver, descargar solo con fines de almacenamiento en cach\u00e9 e imprimir p\u00e1ginas del sitio web para su uso personal, sujeto a las restricciones establecidas a continuaci\u00f3n y en otras partes de estos t\u00e9rminos y condiciones.<\/p>\n\n\n\n<p><strong>No debes:<\/strong><\/p>\n\n\n\n<p>volver a publicar material de este sitio web (incluida la republicaci\u00f3n en otro sitio web con fines comerciales o sin el debido cr\u00e9dito); vender, alquilar o sublicenciar material del sitio web; mostrar cualquier material del sitio web en p\u00fablico con fines comerciales o sin el debido cr\u00e9dito; reproducir, duplicar, copiar o explotar el material de este sitio web con fines comerciales; editar o modificar cualquier material en el sitio web; o redistribuir material de este sitio web, excepto el contenido que se pone a disposici\u00f3n espec\u00edfica y expresamente para su redistribuci\u00f3n.<\/p>\n\n\n\n<p><strong>Uso aceptable<\/strong><\/p>\n\n\n\n<p>No debe usar este sitio web de ninguna manera que cause, o pueda causar, da\u00f1o al sitio web o deterioro de la disponibilidad o accesibilidad del sitio web; o de cualquier forma que sea il\u00edcita, ilegal, fraudulenta o da\u00f1ina, o en relaci\u00f3n con cualquier prop\u00f3sito o actividad il\u00edcita, ilegal, fraudulenta o da\u00f1ina.<\/p>\n\n\n\n<p>No debe usar este sitio web para copiar, almacenar, hospedar, transmitir, enviar, usar, publicar o distribuir ning\u00fan material que consista en (o est\u00e9 vinculado a) spyware, virus inform\u00e1ticos, caballos de Troya, gusanos, registradores de pulsaciones de teclas, rootkits u otros software inform\u00e1tico malicioso.<\/p>\n\n\n\n<p>No debe realizar ninguna actividad de recopilaci\u00f3n de datos sistem\u00e1tica o automatizada (incluidos, entre otros, el raspado, la extracci\u00f3n de datos, la extracci\u00f3n de datos y la recolecci\u00f3n de datos) en o en relaci\u00f3n con este sitio web sin el consentimiento expreso por escrito de Mighty Shepherd Ministries.<\/p>\n\n\n\n<p>No debe utilizar este sitio web para transmitir o enviar comunicaciones comerciales no solicitadas.<\/p>\n\n\n\n<p>No debe utilizar este sitio web para ning\u00fan prop\u00f3sito relacionado con la comercializaci\u00f3n sin el consentimiento expreso por escrito de Mighty Shepherd Ministries.<\/p>\n\n\n\n<p><strong>Contenido de usuario<\/strong><\/p>\n\n\n\n<p>En estos t\u00e9rminos y condiciones, &#8220;su contenido de usuario&#8221; significa material (incluidos, entre otros, texto, im\u00e1genes, material de audio, material de video y material audiovisual) que env\u00eda a este sitio web, sea cual sea el prop\u00f3sito.<\/p>\n\n\n\n<p>Usted otorga a Mighty Shepherd Ministries una licencia mundial, irrevocable, no exclusiva y libre de regal\u00edas para usar, reproducir, adaptar, publicar, traducir y distribuir su contenido de usuario en cualquier medio existente o futuro. Tambi\u00e9n otorga a Mighty Shepherd Ministries el derecho de sublicenciar estos derechos y el derecho de iniciar una acci\u00f3n por infracci\u00f3n de estos derechos.<\/p>\n\n\n\n<p>Su contenido de usuario no debe ser ilegal o ilegal, no debe infringir los derechos legales de ning\u00fan tercero y no debe ser capaz de dar lugar a acciones legales contra usted o Mighty Shepherd Ministries o un tercero (en cada caso bajo cualquier ley aplicable) .<\/p>\n\n\n\n<p>No debe enviar ning\u00fan contenido de usuario al sitio web que sea o alguna vez haya sido objeto de un proceso legal amenazado o real u otra queja similar.<\/p>\n\n\n\n<p>Mighty Shepherd Ministries se reserva el derecho de editar o eliminar cualquier material enviado a este sitio web, o almacenado en los servidores de Mighty Shepherd Ministries, o alojado o publicado en este sitio web.<\/p>\n\n\n\n<p>Sin perjuicio de los derechos de Mighty Shepherd Ministries bajo estos t\u00e9rminos y condiciones en relaci\u00f3n con el contenido del usuario, Mighty Shepherd Ministries no se compromete a monitorear el env\u00edo de dicho contenido a, o la publicaci\u00f3n de dicho contenido en este sitio web.<\/p>\n\n\n\n<p><strong>Derecho de uso limitado<\/strong><\/p>\n\n\n\n<p>La visualizaci\u00f3n, impresi\u00f3n o descarga de cualquier contenido, gr\u00e1fico, formulario o documento del Sitio le otorga solo una licencia limitada y no exclusiva para su uso exclusivo para su uso personal y no para republicaci\u00f3n, distribuci\u00f3n, asignaci\u00f3n, sublicencia, venta, preparaci\u00f3n de obras derivadas u otro uso. Ninguna parte de ning\u00fan contenido, forma o documento puede reproducirse de ninguna forma ni incorporarse a ning\u00fan sistema de recuperaci\u00f3n de informaci\u00f3n, electr\u00f3nico o mec\u00e1nico, que no sea para su uso personal (pero no para su reventa o redistribuci\u00f3n).<\/p>\n\n\n\n<p><strong>Limitaciones de responsabilidad<\/strong><\/p>\n\n\n\n<p>Mighty Shepherd Ministries no ser\u00e1 responsable ante usted (ya sea bajo la ley de contacto, la ley de responsabilidad extracontractual o de otro tipo) en relaci\u00f3n con el contenido, el uso o cualquier otra forma en relaci\u00f3n con este sitio web: en la medida en que el sitio web se proporcione de forma gratuita, por cualquier p\u00e9rdida directa; por cualquier p\u00e9rdida indirecta, especial o consecuente; o por cualquier p\u00e9rdida comercial, p\u00e9rdida de ingresos, ingresos, ganancias o ahorros anticipados, p\u00e9rdida de contratos o relaciones comerciales, p\u00e9rdida de reputaci\u00f3n o fondo de comercio, o p\u00e9rdida o corrupci\u00f3n de informaci\u00f3n o datos. Estas limitaciones de responsabilidad se aplican incluso si Mighty Shepherd Ministries ha sido expresamente advertido de la posible p\u00e9rdida.<\/p>\n\n\n\n<p><strong>Excepciones<\/strong><\/p>\n\n\n\n<p>Nada en este descargo de responsabilidad del sitio web excluir\u00e1 o limitar\u00e1 ninguna garant\u00eda impl\u00edcita por ley que ser\u00eda ilegal excluir o limitar; y nada en este descargo de responsabilidad del sitio web excluir\u00e1 o limitar\u00e1 la responsabilidad de Mighty Shepherd Ministries con respecto a cualquier:<\/p>\n\n\n\n<p>muerte o lesiones personales causadas por negligencia de Mighty Shepherd Ministries; fraude o tergiversaci\u00f3n fraudulenta por parte de los Mighty Shepherd Ministries; o asunto en el que ser\u00eda ilegal o ilegal que Mighty Shepherd Ministries excluya o limite, o intente o pretenda excluir o limitar, su responsabilidad.<\/p>\n\n\n\n<p><strong>Edici\u00f3n, Eliminaci\u00f3n y Modificaci\u00f3n<\/strong><\/p>\n\n\n\n<p>Nos reservamos el derecho, a nuestro exclusivo criterio, de editar o eliminar cualquier documento, informaci\u00f3n u otro contenido que aparezca en el sitio, incluido este acuerdo, sin previo aviso a los usuarios del sitio.<\/p>\n\n\n\n<p><strong>Indemnizaci\u00f3n<\/strong><\/p>\n\n\n\n<p>Usted acepta indemnizarnos, defendernos y eximirnos a nosotros y a nuestros socios, abogados, personal y afiliados (colectivamente, &#8220;Partes afiliadas&#8221;) de cualquier responsabilidad, p\u00e9rdida, reclamo y gasto, incluidos los honorarios razonables de abogados, relacionados con su violaci\u00f3n de este Acuerdo o uso del Sitio.<\/p>\n\n\n\n<p><strong>Intransferible<\/strong><\/p>\n\n\n\n<p>Su derecho a utilizar el Sitio no es transferible. Cualquier contrase\u00f1a o derecho que se le otorgue para obtener informaci\u00f3n o documentos no es transferible y solo puede ser utilizada por usted. No comparta la informaci\u00f3n de inicio de sesi\u00f3n con nadie.<\/p>\n\n\n\n<p><strong>Descargo de responsabilidad<\/strong><\/p>\n\n\n\n<p>LA INFORMACI\u00d3N DESDE O A TRAV\u00c9S DEL SITIO SE PROPORCIONA &#8220;TAL CUAL&#8221;, &#8220;SEG\u00daN DISPONIBILIDAD&#8221;, Y TODAS LAS GARANT\u00cdAS, EXPL\u00cdCITAS O IMPL\u00cdCITAS, SE RENUNCIA (INCLUYENDO, ENTRE OTRAS, LA RENUNCIA DE CUALQUIER GARANT\u00cdA IMPL\u00cdCITA DE COMERCIABILIDAD E IDONEIDAD PARA UN PROP\u00d3SITO PARTICULAR ). LA INFORMACI\u00d3N Y LOS SERVICIOS PUEDEN CONTENER ERRORES, ERRORES, PROBLEMAS U OTRAS LIMITACIONES. NO TENEMOS NINGUNA RESPONSABILIDAD POR SU USO DE CUALQUIER INFORMACI\u00d3N O SERVICIO. EN PARTICULAR, PERO NO COMO LIMITACI\u00d3N, NO SOMOS RESPONSABLES DE NING\u00daN DA\u00d1O INDIRECTO, ESPECIAL, INCIDENTAL O CONSECUENTE.<\/p>\n\n\n\n<p><strong>L\u00edmites<\/strong><\/p>\n\n\n\n<p>Se renuncia a toda responsabilidad por cualquier da\u00f1o causado por virus contenidos en el archivo electr\u00f3nico que contiene el formulario o documento. NO SEREMOS RESPONSABLES ANTE USTED POR CUALQUIER DA\u00d1O INCIDENTAL, ESPECIAL O CONSECUENTE DE CUALQUIER TIPO QUE PUEDE RESULTAR DEL USO O LA IMPOSIBILIDAD DE USAR NUESTRO SITIO. Nuestra responsabilidad m\u00e1xima hacia usted en todas las circunstancias ser\u00e1 igual al precio de compra que pague por cualquier bien, servicio o informaci\u00f3n.<\/p>\n\n\n\n<p><strong>Uso de la informaci\u00f3n<\/strong><\/p>\n\n\n\n<p>Nos reservamos el derecho, y usted nos autoriza, al uso y la cesi\u00f3n de toda la informaci\u00f3n sobre los usos del Sitio por parte de usted y toda la informaci\u00f3n proporcionada por usted de cualquier manera consistente con nuestra Pol\u00edtica de privacidad.<\/p>\n\n\n\n<p><strong>Pol\u00edtica de privacidad<\/strong><\/p>\n\n\n\n<p>Nuestra Pol\u00edtica de privacidad puede cambiar de vez en cuando y es parte de este acuerdo.<\/p>\n\n\n\n<p><strong>Presentaci\u00f3n de informes de testimonios y elogios<\/strong><\/p>\n\n\n\n<p>Al completar y enviar la informaci\u00f3n contenida en el formulario de testimonio o informe de elogio, usted autoriza y otorga permiso a Mighty Shepherd Ministries para usar este testimonio, en su totalidad o en parte, en medios impresos, en l\u00ednea o digitales en cualquier sitio web que sea propiedad de Mighty Shepherd Ministries u operado por Mighty Shepherd Ministries. , incluidos los sitios web de redes sociales y\/o transmisiones televisadas o transmitidas.<\/p>\n\n\n\n<p>Usted certifica que est\u00e1 proporcionando esta informaci\u00f3n a los Ministerios Mighty Shepherd por su propia voluntad sin ning\u00fan medio de persuasi\u00f3n, influencia o coerci\u00f3n por parte del personal del ministerio.<\/p>\n\n\n\n<p>Usted cree que ha experimentado la intervenci\u00f3n divina de Dios, y cualquier testimonio o declaraci\u00f3n que haga, y la informaci\u00f3n que proporcione en el formulario de informe de testimonio o alabanza es precisa y veraz.<\/p>\n\n\n\n<p>Adem\u00e1s, usted renuncia a cualquier derecho de privacidad que pueda tener y libera a Mighty Shepherd Ministries de cualquier responsabilidad que pueda tener al hacer uso de esta informaci\u00f3n.<\/p>\n\n\n\n<p>Todas las cartas, testimonios o im\u00e1genes enviadas a Mighty Shepherd Ministries se convierten en propiedad del ministerio y no se devolver\u00e1n al remitente.<\/p>\n\n\n\n<p>Al enviar cartas, testimonios o im\u00e1genes, la persona que los env\u00eda acepta que Mighty Shepherd Ministries tiene derecho a editar o revisar el env\u00edo y publicarlo en el formato editado o revisado. Mighty Shepherd Ministries no tiene ning\u00fan derecho ni obligaci\u00f3n de publicar ninguna presentaci\u00f3n en particular. La persona que env\u00eda una carta, testimonio o fotograf\u00eda declara que \u00e9l \/ ella es el autor o creador de la presentaci\u00f3n y consiente y acepta permitir que Mighty Shepherd Ministries la publique.<\/p>\n","protected":false},"excerpt":{"rendered":"<p>\nCondiciones de uso<\/p>\n<p>Usted acepta los t\u00e9rminos y condiciones descritos en este Acuerdo de t\u00e9rminos y condiciones de uso (&#8220;Acuerdo&#8221;) con respecto al sitio web de Mighty Shepherd Ministries (el &#8220;Sitio&#8221;). Este Acuerdo constituye el acuerdo completo y \u00fanico entre usted y nosotros, y reemplaza todos los acuerdos, representaciones, garant\u00edas y <\/p>\n","protected":false},"author":1,"featured_media":0,"parent":0,"menu_order":0,"comment_status":"closed","ping_status":"closed","template":"","meta":{"footnotes":""},"class_list":["post-93","page","type-page","status-publish","hentry"],"_links":{"self":[{"href":"https:\/\/mightyshepherdministries.org\/es\/wp-json\/wp\/v2\/pages\/93","targetHints":{"allow":["GET"]}}],"collection":[{"href":"https:\/\/mightyshepherdministries.org\/es\/wp-json\/wp\/v2\/pages"}],"about":[{"href":"https:\/\/mightyshepherdministries.org\/es\/wp-json\/wp\/v2\/types\/page"}],"author":[{"embeddable":true,"href":"https:\/\/mightyshepherdministries.org\/es\/wp-json\/wp\/v2\/users\/1"}],"replies":[{"embeddable":true,"href":"https:\/\/mightyshepherdministries.org\/es\/wp-json\/wp\/v2\/comments?post=93"}],"version-history":[{"count":4,"href":"https:\/\/mightyshepherdministries.org\/es\/wp-json\/wp\/v2\/pages\/93\/revisions"}],"predecessor-version":[{"id":505,"href":"https:\/\/mightyshepherdministries.org\/es\/wp-json\/wp\/v2\/pages\/93\/revisions\/505"}],"wp:attachment":[{"href":"https:\/\/mightyshepherdministries.org\/es\/wp-json\/wp\/v2\/media?parent=93"}],"curies":[{"name":"wp","href":"https:\/\/api.w.org\/{rel}","templated":true}]}}