{"id":91,"date":"2023-04-17T15:14:54","date_gmt":"2023-04-17T15:14:54","guid":{"rendered":"https:\/\/mightyshepherdministries.org\/es\/?page_id=91"},"modified":"2023-05-30T19:54:09","modified_gmt":"2023-05-30T19:54:09","slug":"politica-de-privacidad","status":"publish","type":"page","link":"https:\/\/mightyshepherdministries.org\/es\/politica-de-privacidad\/","title":{"rendered":"Pol\u00edtica de privacidad"},"content":{"rendered":"\n<p>Lea la Pol\u00edtica de privacidad y los T\u00e9rminos de uso de Mighty Shepherd Ministries antes de usar nuestro sitio web. Estos t\u00e9rminos est\u00e1n sujetos a cambios, as\u00ed que aseg\u00farese de revisar esta p\u00e1gina peri\u00f3dicamente. Al usar este sitio, usted acepta cumplir y estar sujeto a esta pol\u00edtica para www.MightyShepherdMinistries.org y nuestras otras propiedades web. Si no est\u00e1 de acuerdo con nuestra Pol\u00edtica de privacidad y T\u00e9rminos de uso, no debe continuar m\u00e1s all\u00e1 de esta p\u00e1gina.<\/p>\n\n\n\n<p>Mantenemos este sitio web como una herramienta para cumplir nuestra misi\u00f3n de \u201cllevar el poder salvador y obrador de milagros del Evangelio al mundo &#8216;por todos los medios posibles&#8217;\u201d.<\/p>\n\n\n\n<p><strong>Pol\u00edtica de Privacidad de Mighty Shepherd Ministries<\/strong><\/p>\n\n\n\n<p>Mighty Shepherd Ministries se compromete a respetar y proteger su privacidad y desarrollar tecnolog\u00eda que le brinde la experiencia en l\u00ednea m\u00e1s poderosa y segura. La siguiente declaraci\u00f3n explica la pol\u00edtica del Ministerio con respecto a cualquier informaci\u00f3n personal que usted pueda proporcionar en el sitio web del Ministerio. Esta pol\u00edtica de privacidad tambi\u00e9n revela c\u00f3mo el Ministerio recopila, protege, usa y comparte la informaci\u00f3n recopilada sobre usted en el sitio web del Ministerio. Esta Declaraci\u00f3n de Privacidad se aplica al sitio Web del Ministerio y rige la recopilaci\u00f3n y el uso de datos.<\/p>\n\n\n\n<p>Al usar el sitio web del Ministerio, usted expresa su aceptaci\u00f3n de los t\u00e9rminos de la pol\u00edtica de privacidad de Ministerio.<\/p>\n\n\n\n<p>Esta pol\u00edtica de privacidad se ha compilado para brindar un mejor servicio a aquellos que est\u00e1n preocupados por c\u00f3mo se usa en l\u00ednea su &#8220;Informaci\u00f3n de identificaci\u00f3n personal&#8221; (PII). La PII, tal como se describe en la ley de privacidad y seguridad de la informaci\u00f3n de EE. UU., es informaci\u00f3n que se puede usar sola o con otra informaci\u00f3n para identificar, contactar o ubicar a una sola persona, o para identificar a una persona en contexto. Lea nuestra pol\u00edtica de privacidad detenidamente para comprender claramente c\u00f3mo recopilamos, usamos, protegemos o manejamos su informaci\u00f3n de identificaci\u00f3n personal de acuerdo con nuestro sitio web.<\/p>\n\n\n\n<p><strong>Recopilaci\u00f3n de su informaci\u00f3n personal<\/strong><\/p>\n\n\n\n<p>Puede usar el sitio web del Ministerios sin divulgar ninguna informaci\u00f3n de identificaci\u00f3n personal, incluida su direcci\u00f3n de correo electr\u00f3nico.<\/p>\n\n\n\n<p><strong>\u00bfQu\u00e9 informaci\u00f3n personal recopilamos de las personas que visitan nuestro blog, sitio web o aplicaci\u00f3n?<\/strong><\/p>\n\n\n\n<p>No recopilamos informaci\u00f3n de los visitantes de nuestro sitio u otros detalles para ayudarlo con su experiencia. El Ministerio utiliza dicha informaci\u00f3n identificable recopilada para mejorar continuamente el contenido de su sitio web y para ofrecer a sus visitantes productos y servicios que satisfagan mejor sus preferencias, necesidades o deseos. Al usar esta informaci\u00f3n, el Ministerio pueden refinar su sitio web y mejorar los beneficios que ofrece.<\/p>\n\n\n\n<p><strong>\u00bfCu\u00e1ndo recopilamos informaci\u00f3n?<\/strong><\/p>\n\n\n\n<p>Recopilamos informaci\u00f3n sobre usted cuando completa un formulario o ingresa informaci\u00f3n en nuestro sitio.<\/p>\n\n\n\n<p><strong>\u00bfC\u00f3mo usa Mighty Shepherd Ministries su informaci\u00f3n?<\/strong><\/p>\n\n\n\n<p>Podemos usar la informaci\u00f3n que recopilamos de usted cuando se registra, responde a una encuesta o comunicaci\u00f3n de marketing, navega por el sitio web o usa ciertas otras funciones del sitio de las siguientes maneras:<\/p>\n\n\n\n<p>Para mejorar nuestro sitio web con el fin de servirle mejor.<\/p>\n\n\n\n<p>Para administrar un concurso, promoci\u00f3n, encuesta u otra caracter\u00edstica del sitio.<\/p>\n\n\n\n<p>Para hacer un seguimiento con ellos despu\u00e9s de la correspondencia (correo electr\u00f3nico o consultas telef\u00f3nicas).<\/p>\n\n\n\n<p>En resumen, MightyShepherdMinistries.org no recopila informaci\u00f3n de identificaci\u00f3n personal sobre usted, como su direcci\u00f3n de correo electr\u00f3nico, nombre, direcci\u00f3n de casa o del trabajo, o n\u00famero de tel\u00e9fono, excepto cuando usted proporciona espec\u00edficamente dicha informaci\u00f3n de forma voluntaria, como cuando se registra. en el sitio web del Ministerio, o solicitando material de este. Cuando es posible, el Ministerio tambi\u00e9n recopila informaci\u00f3n demogr\u00e1fica an\u00f3nima, que no es exclusiva de usted, como su c\u00f3digo postal, edad, sexo, preferencias, intereses y favoritos.<\/p>\n\n\n\n<p>Se puede proporcionar una cadena an\u00f3nima creada a partir de su direcci\u00f3n de correo electr\u00f3nico (tambi\u00e9n llamada hash) al servicio Gravatar para ver si la est\u00e1 utilizando. La pol\u00edtica de privacidad del servicio Gravatar est\u00e1 disponible aqu\u00ed: https:\/\/automattic.com\/privacy\/. Despu\u00e9s de la aprobaci\u00f3n de su comentario, su foto de perfil es visible para el p\u00fablico en el contexto de su comentario. Los comentarios de los visitantes puede que los revise un servicio de detecci\u00f3n autom\u00e1tica de spam.<\/p>\n\n\n\n<p><strong>\u00bfC\u00f3mo protegemos tu informaci\u00f3n?<\/strong><\/p>\n\n\n\n<p>Nuestro sitio web se escanea regularmente en busca de agujeros de seguridad y vulnerabilidades conocidas para que su visita a nuestro sitio sea lo m\u00e1s segura posible.<\/p>\n\n\n\n<p><strong>Usamos escaneo de malware regular.<\/strong><\/p>\n\n\n\n<p>Su informaci\u00f3n personal est\u00e1 contenida detr\u00e1s de redes seguras y solo es accesible para un n\u00famero limitado de personas que tienen derechos especiales de acceso a dichos sistemas y est\u00e1n obligadas a mantener la informaci\u00f3n confidencial. Adem\u00e1s, toda la informaci\u00f3n crediticia\/confidencial que proporcione se cifra mediante la tecnolog\u00eda Secure Socket Layer (SSL).<\/p>\n\n\n\n<p>Implementamos una variedad de medidas de seguridad cuando un usuario realiza un pedido ingresa, env\u00eda o accede a su informaci\u00f3n para mantener la seguridad de su informaci\u00f3n personal.<\/p>\n\n\n\n<p>Todas las transacciones se procesan a trav\u00e9s de un proveedor de puerta de enlace y no se almacenan ni procesan en nuestros servidores.<\/p>\n\n\n\n<p><strong>Uso de \u201ccookies\u201d<\/strong><\/p>\n\n\n\n<p>El sitio web del Ministerio utiliza &#8220;cookies&#8221; para ayudarlo a personalizar su experiencia en l\u00ednea. Una cookie es un archivo de texto que un servidor de p\u00e1ginas web coloca en su disco duro. Las cookies no se pueden utilizar para ejecutar programas o enviar virus a su computadora. Si deja un comentario en nuestro sitio, puede optar por guardar su nombre, direcci\u00f3n de correo electr\u00f3nico y sitio web en cookies.<\/p>\n\n\n\n<p>Las cookies se le asignan de manera \u00fanica y solo puede leerlas un servidor web en el dominio que le emiti\u00f3 la cookie. Uno de los prop\u00f3sitos principales de las cookies es proporcionar una caracter\u00edstica conveniente para ahorrarle tiempo. El prop\u00f3sito de una cookie es decirle al servidor web que ha regresado a una p\u00e1gina espec\u00edfica. Por ejemplo, si personaliza las p\u00e1ginas del Ministerio o se registra en el sitio o los servicios del Ministerio, una cookie ayuda a el Ministerio a recordar su informaci\u00f3n espec\u00edfica en visitas posteriores. Esto permite al Ministerio entregar mensajes y material m\u00e1s espec\u00edfico a sus necesidades y simplificar el proceso de registro de su informaci\u00f3n personal, como su direcci\u00f3n de facturaci\u00f3n, direcci\u00f3n de env\u00edo, etc. Estas cookies tendr\u00e1n una duraci\u00f3n de un a\u00f1o.<\/p>\n\n\n\n<p>Cuando regrese al mismo sitio web del Ministerio, la informaci\u00f3n que proporcion\u00f3 anteriormente se puede recuperar para que pueda usar f\u00e1cilmente las funciones del Ministerio que personaliz\u00f3. Tiene la posibilidad de aceptar o rechazar las cookies. La mayor\u00eda de los navegadores web aceptan autom\u00e1ticamente las cookies, pero normalmente puede modificar la configuraci\u00f3n de su navegador para rechazar las cookies si lo prefiere.<\/p>\n\n\n\n<p>Si tiene una cuenta e inicia sesi\u00f3n en este sitio, estableceremos una cookie temporal para determinar si su navegador acepta cookies. Esta cookie no contiene datos personales y se descarta cuando cierra su navegador.<\/p>\n\n\n\n<p>Cuando inicie sesi\u00f3n, tambi\u00e9n configuraremos varias cookies para guardar su informaci\u00f3n de inicio de sesi\u00f3n y sus opciones de visualizaci\u00f3n de pantalla. Las cookies de inicio de sesi\u00f3n duran dos d\u00edas y las cookies de opciones de pantalla duran un a\u00f1o. Si selecciona &#8220;Recordarme&#8221;, su inicio de sesi\u00f3n persistir\u00e1 durante dos semanas. Si cierra sesi\u00f3n en su cuenta, se eliminar\u00e1n las cookies de inicio de sesi\u00f3n.<\/p>\n\n\n\n<p>Su navegador de Internet est\u00e1 dise\u00f1ado para advertirle cada vez que se env\u00eda una cookie para que pueda optar por desactivar todas las cookies. Estas preferencias pueden actualizarse a trav\u00e9s de la configuraci\u00f3n de su navegador. Dado que el navegador es un poco diferente, mire el men\u00fa de Ayuda de su navegador para conocer la forma correcta de modificar sus cookies.<\/p>\n\n\n\n<p>Si elige rechazar las cookies, es posible que no pueda experimentar por completo las muchas caracter\u00edsticas interactivas valiosas de los servicios del sitio web del Ministerio o los sitios web que visita.<\/p>\n\n\n\n<p><strong>Divulgaci\u00f3n de terceros<\/strong><\/p>\n\n\n\n<p>No vendemos, intercambiamos ni transferimos de otro modo a terceros su informaci\u00f3n de identificaci\u00f3n personal.<\/p>\n\n\n\n<p><strong>Enlaces de terceros<\/strong><\/p>\n\n\n\n<p>Ocasionalmente, a nuestra discreci\u00f3n, podemos incluir u ofrecer productos o servicios de terceros en nuestro sitio web. Estos sitios de terceros tienen pol\u00edticas de privacidad separadas e independientes. Por lo tanto, no tenemos ninguna responsabilidad por el contenido y las actividades de estos sitios vinculados. No obstante, buscamos proteger la integridad de nuestro sitio y agradecemos cualquier comentario sobre estos sitios.<\/p>\n\n\n\n<p>Ocasionalmente, el contenido incrustado (por ejemplo, videos, im\u00e1genes, art\u00edculos, etc.) de otros sitios web se comporta exactamente de la misma manera que si el visitante hubiera visitado el otro sitio web. Estos sitios web pueden recopilar datos sobre usted, usar cookies, incrustar un seguimiento adicional de terceros y monitorear su interacci\u00f3n con ese contenido incrustado, incluido el seguimiento de su interacci\u00f3n con el contenido incrustado si tiene una cuenta y ha iniciado sesi\u00f3n en ese sitio web.<\/p>\n\n\n\n<p>Todos los logotipos y marcas que no son propiedad de Mighty Shepherd Ministries son propiedad de sus respectivos due\u00f1os. Y son utilizados en este sitio web \u00fanicamente con fines de identificaci\u00f3n e informaci\u00f3n.<\/p>\n\n\n\n<p>El uso de estos nombres, logotipos y marcas no implica aprobaci\u00f3n.<\/p>\n\n\n\n<p><strong>Productos y servicios de Google<\/strong><\/p>\n\n\n\n<p>Los requisitos publicitarios de Google se pueden resumir en los Principios publicitarios de Google. Se implementan para proporcionar una experiencia positiva a los usuarios. https:\/\/support.google.com\/adwordspolicy\/answer\/1316548?hl=es<\/p>\n\n\n\n<p><strong>Utilizamos publicidad de Google AdSense en nuestro sitio web.<\/strong><\/p>\n\n\n\n<p>Google, como proveedor externo, utiliza cookies para publicar anuncios en nuestro sitio. El uso de Google de la cookie DART le permite mostrar anuncios a nuestros usuarios en funci\u00f3n de visitas anteriores a nuestro sitio y otros sitios en Internet. Los usuarios pueden rechazar el uso de la cookie de DART visitando la pol\u00edtica de privacidad de Google Ad and Content Network.<\/p>\n\n\n\n<p><strong>Hemos implementado lo siguiente:<\/strong><\/p>\n\n\n\n<p>Mighty Shepherd Ministries, junto con proveedores externos como Google, utilizan cookies de origen (como las cookies de Google Analytics) y cookies de terceros u otros identificadores de terceros para recopilar datos sobre las interacciones del usuario con las impresiones de anuncios y otros anuncios. funciones de servicio relacionadas con nuestro sitio web.<\/p>\n\n\n\n<p><strong>Optar por no participar:<\/strong><\/p>\n\n\n\n<p>Puede establecer preferencias sobre c\u00f3mo Google le anuncia mediante la p\u00e1gina Configuraci\u00f3n de anuncios de Google. Alternativamente, puede optar por no participar visitando la p\u00e1gina de exclusi\u00f3n de la iniciativa de publicidad en la red o utilizando el complemento del navegador Google Analytics Opt Out.<\/p>\n\n\n\n<p><strong>Ley de protecci\u00f3n de la privacidad en l\u00ednea de California<\/strong><\/p>\n\n\n\n<p>CalOPPA es la primera ley estatal del pa\u00eds que exige que los sitios web comerciales y los servicios en l\u00ednea publiquen una pol\u00edtica de privacidad. El alcance de la ley se extiende mucho m\u00e1s all\u00e1 de California para exigir a cualquier persona o empresa en los Estados Unidos (y posiblemente en el mundo) que opere sitios web que recopilen informaci\u00f3n de identificaci\u00f3n personal de los consumidores de California que publique una pol\u00edtica de privacidad visible en su sitio web que indique exactamente la informaci\u00f3n que se recopila y los personas o empresas con las que se comparte. \u2013 Obtenga m\u00e1s informaci\u00f3n en: http:\/\/consumercal.org\/california-online-privacy-protection-act-caloppa\/#sthash.0FdRbT51.dpuf<\/p>\n\n\n\n<p><strong>Seg\u00fan CalOPPA, aceptamos lo siguiente:<\/strong><\/p>\n\n\n\n<p>Los usuarios pueden acceder a https:\/\/www.mightyshepherdministries.org<\/p>\n\n\n\n<p>Se puede acceder a un enlace a nuestra pol\u00edtica de privacidad haciendo clic en el enlace en la parte inferior de cada p\u00e1gina web del ministerio.<\/p>\n\n\n\n<p>El enlace de nuestra Pol\u00edtica de privacidad incluye la palabra &#8220;Privacidad&#8221; y se puede encontrar f\u00e1cilmente en la p\u00e1gina especificada anteriormente.<\/p>\n\n\n\n<p>Se le notificar\u00e1 de cualquier cambio en la Pol\u00edtica de privacidad:<\/p>\n\n\n\n<p>En nuestra p\u00e1gina de pol\u00edtica de privacidad<\/p>\n\n\n\n<p>Puede cambiar su informaci\u00f3n personal:<\/p>\n\n\n\n<p>Por correo electr\u00f3nico <a href=\"mailto:info@mightyshepherdministries.org\">info@mightyshepherdministries.org<\/a>.<\/p>\n\n\n\n<p><strong>\u00bfC\u00f3mo maneja nuestro sitio las se\u00f1ales de No rastrear?<\/strong><\/p>\n\n\n\n<p>Respetamos las se\u00f1ales de No rastrear y No rastrear, plantar cookies o usar publicidad cuando se implementa un mecanismo de navegador No rastrear (DNT).<\/p>\n\n\n\n<p><strong>\u00bfNuestro sitio permite el seguimiento del comportamiento de terceros?<\/strong><\/p>\n\n\n\n<p>Tambi\u00e9n es importante tener en cuenta que no permitimos el seguimiento del comportamiento de terceros.<\/p>\n\n\n\n<p><strong>COPPA (Ley de protecci\u00f3n de la privacidad de los ni\u00f1os en l\u00ednea)<\/strong><\/p>\n\n\n\n<p>Cuando se trata de la recopilaci\u00f3n de informaci\u00f3n personal de ni\u00f1os menores de 13 a\u00f1os, la Ley de protecci\u00f3n de la privacidad en l\u00ednea de los ni\u00f1os (COPPA) pone a los padres en control. La Comisi\u00f3n Federal de Comercio, la agencia de protecci\u00f3n al consumidor de los Estados Unidos, hace cumplir la Regla COPPA, que detalla lo que deben hacer los operadores de sitios web y servicios en l\u00ednea para proteger la privacidad y seguridad de los ni\u00f1os en l\u00ednea.<\/p>\n\n\n\n<p>No comercializamos espec\u00edficamente para ni\u00f1os menores de 13 a\u00f1os.<\/p>\n\n\n\n<p>\u00bfPermitimos que terceros, incluidas las redes publicitarias o los complementos, recopilen PII de ni\u00f1os menores de 13 a\u00f1os?<\/p>\n\n\n\n<p><strong>Pr\u00e1cticas justas de informaci\u00f3n<\/strong><\/p>\n\n\n\n<p>Los Principios de pr\u00e1cticas justas de informaci\u00f3n forman la columna vertebral de la ley de privacidad en los Estados Unidos y los conceptos que incluyen han jugado un papel importante en el desarrollo de las leyes de protecci\u00f3n de datos en todo el mundo. Comprender los Principios de pr\u00e1cticas justas de informaci\u00f3n y c\u00f3mo deben implementarse es fundamental para cumplir con las diversas leyes de privacidad que protegen la informaci\u00f3n personal.<\/p>\n\n\n\n<p>Para estar en l\u00ednea con las pr\u00e1cticas justas de informaci\u00f3n, tomaremos las siguientes medidas de respuesta, en caso de que ocurra una violaci\u00f3n de datos:<\/p>\n\n\n\n<p><strong>Te avisaremos por correo electr\u00f3nico.<\/strong><\/p>\n\n\n\n<p>Notificaremos a los usuarios a trav\u00e9s de una notificaci\u00f3n en el sitio.<\/p>\n\n\n\n<p>Tambi\u00e9n estamos de acuerdo con el Principio de reparaci\u00f3n individual que exige que las personas tengan derecho a ejercer legalmente derechos exigibles contra los recopiladores y procesadores de datos que no cumplan con la ley. Este principio requiere no solo que las personas tengan derechos exigibles contra los usuarios de datos, sino tambi\u00e9n que las personas puedan recurrir a los tribunales o agencias gubernamentales para investigar y\/o enjuiciar el incumplimiento por parte de los procesadores de datos.<\/p>\n\n\n\n<p><strong>Cambios a esta declaraci\u00f3n<\/strong><\/p>\n\n\n\n<p>Los ministerios actualizar\u00e1n ocasionalmente esta Declaraci\u00f3n de privacidad para reflejar los comentarios de la empresa y los clientes. El Ministerio lo alienta a revisar peri\u00f3dicamente esta declaraci\u00f3n para estar informado de c\u00f3mo el Ministerio protege su derecho a la privacidad y su informaci\u00f3n.<\/p>\n\n\n\n<p><strong>Informaci\u00f3n del contacto<\/strong><\/p>\n\n\n\n<p>Ministerios da la bienvenida a sus comentarios con respecto a esta Declaraci\u00f3n de Privacidad. Si cree que el Ministerio no se han adherido a esta declaraci\u00f3n, comun\u00edquese con el correo <a href=\"mailto:info@mightyshepherdministries.org\">info@mightyshepherdministries.org<\/a>.<\/p>\n\n\n\n<p>Haremos todos los esfuerzos comercialmente razonables para determinar y solucionar el problema de inmediato.<\/p>\n","protected":false},"excerpt":{"rendered":"<p>\nLea la Pol\u00edtica de privacidad y los T\u00e9rminos de uso de Mighty Shepherd Ministries antes de usar nuestro sitio web. Estos t\u00e9rminos est\u00e1n sujetos a cambios, as\u00ed que aseg\u00farese de revisar esta p\u00e1gina peri\u00f3dicamente. Al usar este sitio, usted acepta cumplir y estar sujeto a esta pol\u00edtica para www.MightyShepherdMinistries.org y nuestras otras propiedades web. <\/p>\n","protected":false},"author":1,"featured_media":0,"parent":0,"menu_order":0,"comment_status":"closed","ping_status":"closed","template":"","meta":{"footnotes":""},"class_list":["post-91","page","type-page","status-publish","hentry"],"_links":{"self":[{"href":"https:\/\/mightyshepherdministries.org\/es\/wp-json\/wp\/v2\/pages\/91","targetHints":{"allow":["GET"]}}],"collection":[{"href":"https:\/\/mightyshepherdministries.org\/es\/wp-json\/wp\/v2\/pages"}],"about":[{"href":"https:\/\/mightyshepherdministries.org\/es\/wp-json\/wp\/v2\/types\/page"}],"author":[{"embeddable":true,"href":"https:\/\/mightyshepherdministries.org\/es\/wp-json\/wp\/v2\/users\/1"}],"replies":[{"embeddable":true,"href":"https:\/\/mightyshepherdministries.org\/es\/wp-json\/wp\/v2\/comments?post=91"}],"version-history":[{"count":4,"href":"https:\/\/mightyshepherdministries.org\/es\/wp-json\/wp\/v2\/pages\/91\/revisions"}],"predecessor-version":[{"id":502,"href":"https:\/\/mightyshepherdministries.org\/es\/wp-json\/wp\/v2\/pages\/91\/revisions\/502"}],"wp:attachment":[{"href":"https:\/\/mightyshepherdministries.org\/es\/wp-json\/wp\/v2\/media?parent=91"}],"curies":[{"name":"wp","href":"https:\/\/api.w.org\/{rel}","templated":true}]}}