{"id":103,"date":"2023-04-17T16:06:33","date_gmt":"2023-04-17T16:06:33","guid":{"rendered":"https:\/\/mightyshepherdministries.org\/es\/?page_id=103"},"modified":"2023-05-30T19:31:02","modified_gmt":"2023-05-30T19:31:02","slug":"jim-leslie-thompson","status":"publish","type":"page","link":"https:\/\/mightyshepherdministries.org\/es\/jim-leslie-thompson\/","title":{"rendered":"Jim y Leslie Thompson"},"content":{"rendered":"\n<h2 class=\"wp-block-heading\">Jim Thompson<\/h2>\n\n\n\n<p>Jim naci\u00f3 en Fort Smith, Arkansas en una familia de militares que estuvo viajando hasta que Jim cumpli\u00f3 los diecisiete a\u00f1os. En ese momento, su padre se jubil\u00f3 y se mudaron al \u00e1rea de Atlanta, Georgia, donde asisti\u00f3 a Georgia Tech y recibi\u00f3 un t\u00edtulo en administraci\u00f3n. Cuarenta y cuatro a\u00f1os despu\u00e9s, Dios envi\u00f3 a Jim al seminario de la Universidad Regent, donde recibi\u00f3 una maestr\u00eda en &#8220;Teolog\u00eda pr\u00e1ctica&#8221;. A partir de esa experiencia, Jim comenz\u00f3 a escribir libros y ha escrito cinco libros traducidos al espa\u00f1ol y al telugu (un idioma de la India) para alentar y ayudar a capacitar a los l\u00edderes de la iglesia.<\/p>\n\n\n\n<p>Jim asisti\u00f3 a las iglesias desde que ten\u00eda cuatro a\u00f1os, pero no naci\u00f3 de nuevo hasta los veintisiete a\u00f1os. En ese momento, Dios comenz\u00f3 a desarrollar a Jim en el Evangelio y sinti\u00f3 que ten\u00eda un llamado para ministrar a otros que necesitaban m\u00e1s de Jes\u00fas. Despu\u00e9s de crecer en el Se\u00f1or por algunos a\u00f1os, Dios inspir\u00f3 a Jim a orar por cuarenta naciones todos los d\u00edas. Despu\u00e9s de alg\u00fan tiempo, Dios comenz\u00f3 a abrir puertas a algunas de las naciones y envi\u00f3 a Jim y Leslie para animar a la iglesia y ayudar a llevar a la gente a Jes\u00fas. Jim estuvo trabajando en iglesias locales en roles de liderazgo hasta 1991 cuando el Se\u00f1or le pidi\u00f3 que dejara esos compromisos e iniciara un negocio para apoyar el llamado del ministerio misionero en la vida de Jim y Leslie. Tanto Leslie como Jim trabajaron en el(los) negocio(s) ya que el Se\u00f1or provey\u00f3 tanto para los gastos familiares como para los costos del ministerio misionero a trav\u00e9s de esos negocios.<\/p>\n\n\n\n<p>Despu\u00e9s de a\u00f1os de ir a diferentes naciones en \u201cviajes misioneros\u201d, el Se\u00f1or asign\u00f3 m\u00e1s compromisos misioneros a largo plazo a Albania y, finalmente, a la India. Ayudar a plantar una iglesia en Albania y capacitar a los l\u00edderes de esa iglesia prepar\u00f3 a Jim y Leslie para la pr\u00f3xima tarea de ayudar a las iglesias en la India. Despu\u00e9s de veinticinco a\u00f1os de ministrar el Evangelio a los incr\u00e9dulos, los hu\u00e9rfanos y los l\u00edderes de la iglesia en la India, el gobierno revoc\u00f3 la visa de Jim y lo \u201cech\u00f3\u201d durante al menos diez a\u00f1os porque hab\u00eda participado en compartir el Evangelio en esa naci\u00f3n. Despu\u00e9s de que cientos de miles de personas nacieran de nuevo, cientos de miles de personas fueran sanas y miles de pastores y l\u00edderes fueran capacitados en conferencias, Jim y Leslie tuvieron que buscar al Se\u00f1or para conocer Su plan sobre lo que deb\u00edan hacer a continuaci\u00f3n.<\/p>\n\n\n\n<p>Despu\u00e9s de un tiempo de oraci\u00f3n, el Se\u00f1or le dijo a Jim que \u201cmirara hacia el Sur\u201d y comenz\u00f3 a abrir las puertas de Sudam\u00e9rica para que Jim y Leslie ministraran el mensaje del Evangelio de Jes\u00fas. Hubo muchos viajes con mucha gente respondiendo al mensaje del Evangelio tanto dentro como fuera de la iglesia en Colombia, Ecuador, Bolivia y Per\u00fa. Dios ha dado el mensaje a trav\u00e9s de Jim y Leslie de que el Esp\u00edritu Santo viene de una manera especial y que se preparen para discipular a los nuevos convertidos que vendr\u00e1n al reino.<\/p>\n\n\n\n<p>A medida que Jim y Leslie contin\u00faan viajando a Am\u00e9rica del Sur para cumplir con el ministerio que el Se\u00f1or les ha dado, est\u00e1n viendo la promesa del Se\u00f1or de que se cumpla el mover especial del Esp\u00edritu Santo. Solo Dios sabe lo que puede traer el futuro, pero estamos comprometidos con \u00c9l y estaremos felices de ir a donde \u00c9l nos env\u00ede para que podamos glorificarlo.<\/p>\n\n\n\n<h2 class=\"wp-block-heading\">Leslie Thompson<\/h2>\n\n\n\n<p>Leslie naci\u00f3 y creci\u00f3 en Atlanta, Georgia. Estudi\u00f3 y recibi\u00f3 sus t\u00edtulos de pregrado, maestr\u00eda y EDS de la Universidad Estatal de Georgia. Se cas\u00f3 con Jim Thompson en 1973 y trabaj\u00f3 en sistemas escolares en Georgia y Tennessee como psic\u00f3loga escolar.<\/p>\n\n\n\n<p>Leslie naci\u00f3 de nuevo cuando era adolescente, pero nunca creci\u00f3 mucho en el Se\u00f1or hasta que se mud\u00f3 con Jim al \u00e1rea de Nashville, Tennessee cuando era adulta. Tanto Jim como Leslie experimentaron el movimiento de Dios en el centro de Tennessee con el derramamiento carism\u00e1tico\/palabra de fe del Esp\u00edritu Santo en esos d\u00edas. Comenzaron a sentir que Dios ten\u00eda un llamado misionero en sus vidas y comenz\u00f3 a abrirles puertas para ministrar en otras naciones.<\/p>\n\n\n\n<p>Leslie comenz\u00f3 a reconocer el don de ense\u00f1anza prof\u00e9tica del Se\u00f1or en su vida y pas\u00f3 tiempo con el Se\u00f1or creciendo en su don. Ella y Jim comenzaron a viajar a otras naciones cuando el Se\u00f1or les abri\u00f3 las puertas para animar y ense\u00f1ar en muchas naciones. Leslie pasa tiempo con el Se\u00f1or en oraci\u00f3n y comuni\u00f3n mientras \u00c9l le muestra su coraz\u00f3n por el Cuerpo de Cristo en estos d\u00edas. Ella ense\u00f1a prof\u00e9ticamente en su iglesia local, as\u00ed como en las naciones donde Dios la env\u00eda. El Se\u00f1or la usa en sus dones para dar una \u201cPalabra ahora\u201d de \u00c9l. Leslie y Jim tienen un hijo llamado Ben Israel, una nuera llamada Abby y un nieto llamado Jos\u00edas Samuel.<\/p>\n","protected":false},"excerpt":{"rendered":"<p>\nJim Thompson<\/p>\n<p>Jim naci\u00f3 en Fort Smith, Arkansas en una familia de militares que estuvo viajando hasta que Jim cumpli\u00f3 los diecisiete a\u00f1os. En ese momento, su padre se jubil\u00f3 y se mudaron al \u00e1rea de Atlanta, Georgia, donde asisti\u00f3 a Georgia Tech y recibi\u00f3 un t\u00edtulo en administraci\u00f3n. Cuarenta y <\/p>\n","protected":false},"author":1,"featured_media":498,"parent":0,"menu_order":0,"comment_status":"closed","ping_status":"closed","template":"","meta":{"footnotes":""},"class_list":["post-103","page","type-page","status-publish","has-post-thumbnail","hentry"],"_links":{"self":[{"href":"https:\/\/mightyshepherdministries.org\/es\/wp-json\/wp\/v2\/pages\/103","targetHints":{"allow":["GET"]}}],"collection":[{"href":"https:\/\/mightyshepherdministries.org\/es\/wp-json\/wp\/v2\/pages"}],"about":[{"href":"https:\/\/mightyshepherdministries.org\/es\/wp-json\/wp\/v2\/types\/page"}],"author":[{"embeddable":true,"href":"https:\/\/mightyshepherdministries.org\/es\/wp-json\/wp\/v2\/users\/1"}],"replies":[{"embeddable":true,"href":"https:\/\/mightyshepherdministries.org\/es\/wp-json\/wp\/v2\/comments?post=103"}],"version-history":[{"count":3,"href":"https:\/\/mightyshepherdministries.org\/es\/wp-json\/wp\/v2\/pages\/103\/revisions"}],"predecessor-version":[{"id":497,"href":"https:\/\/mightyshepherdministries.org\/es\/wp-json\/wp\/v2\/pages\/103\/revisions\/497"}],"wp:featuredmedia":[{"embeddable":true,"href":"https:\/\/mightyshepherdministries.org\/es\/wp-json\/wp\/v2\/media\/498"}],"wp:attachment":[{"href":"https:\/\/mightyshepherdministries.org\/es\/wp-json\/wp\/v2\/media?parent=103"}],"curies":[{"name":"wp","href":"https:\/\/api.w.org\/{rel}","templated":true}]}}